{"id":52,"date":"2021-03-30T14:37:34","date_gmt":"2021-03-30T12:37:34","guid":{"rendered":"https:\/\/bouwwerken-beerensjoachim.myskydoowebsite.com\/?page_id=52"},"modified":"2024-12-17T13:55:08","modified_gmt":"2024-12-17T12:55:08","slug":"contact","status":"publish","type":"page","link":"https:\/\/bouwwerken-beerensjoachim.myskydoowebsite.com\/?page_id=52","title":{"rendered":"Contact"},"content":{"rendered":"\t\t<div data-elementor-type=\"wp-page\" data-elementor-id=\"52\" class=\"elementor elementor-52\" data-elementor-post-type=\"page\">\n\t\t\t\t<div data-particle_enable=\"false\" data-particle-mobile-disabled=\"false\" class=\"elementor-element elementor-element-19a2df0 e-con-full e-flex e-con e-parent\" data-id=\"19a2df0\" data-element_type=\"container\" data-e-type=\"container\">\n\t\t<div data-particle_enable=\"false\" data-particle-mobile-disabled=\"false\" class=\"elementor-element elementor-element-4d96ed09 e-con-full e-flex e-con e-child\" data-id=\"4d96ed09\" data-element_type=\"container\" data-e-type=\"container\" data-settings=\"{&quot;background_background&quot;:&quot;classic&quot;}\">\n\t\t\t\t<div class=\"elementor-element elementor-element-659c847b elementor-widget-tablet__width-inherit elementor-widget-mobile__width-inherit elementor-widget elementor-widget-image-box\" data-id=\"659c847b\" data-element_type=\"widget\" data-e-type=\"widget\" data-widget_type=\"image-box.default\">\n\t\t\t\t<div class=\"elementor-widget-container\">\n\t\t\t\t\t<div class=\"elementor-image-box-wrapper\"><div class=\"elementor-image-box-content\"><h3 class=\"elementor-image-box-title\">Op zoek naar een betrouwbare aannemer<\/h3><p class=\"elementor-image-box-description\">Kies voor Bouwwerken Beerens Joachim BV. Laat uw gegevens achter en wij nemen snel contact met u op!<\/p><\/div><\/div>\t\t\t\t<\/div>\n\t\t\t\t<\/div>\n\t\t<div data-particle_enable=\"false\" data-particle-mobile-disabled=\"false\" class=\"elementor-element elementor-element-4754409a e-con-full e-flex e-con e-child\" data-id=\"4754409a\" data-element_type=\"container\" data-e-type=\"container\">\n\t\t\t\t<div class=\"elementor-element elementor-element-14080736 elementor-widget-tablet__width-initial elementor-widget-mobile__width-inherit elementor-widget elementor-widget-heading\" data-id=\"14080736\" data-element_type=\"widget\" data-e-type=\"widget\" data-widget_type=\"heading.default\">\n\t\t\t\t<div class=\"elementor-widget-container\">\n\t\t\t\t\t<h3 class=\"elementor-heading-title elementor-size-default\">Contact<\/h3>\t\t\t\t<\/div>\n\t\t\t\t<\/div>\n\t\t\t\t<div class=\"elementor-element elementor-element-add2a2d elementor-icon-list--layout-traditional elementor-list-item-link-full_width elementor-widget elementor-widget-icon-list\" data-id=\"add2a2d\" data-element_type=\"widget\" data-e-type=\"widget\" data-widget_type=\"icon-list.default\">\n\t\t\t\t<div class=\"elementor-widget-container\">\n\t\t\t\t\t\t\t<ul class=\"elementor-icon-list-items\">\n\t\t\t\t\t\t\t<li class=\"elementor-icon-list-item\">\n\t\t\t\t\t\t\t\t\t\t\t<a href=\"tel:+32476%2056%2096%2001\">\n\n\t\t\t\t\t\t\t\t\t\t\t<span class=\"elementor-icon-list-text\">0476 56 96 01<\/span>\n\t\t\t\t\t\t\t\t\t\t\t<\/a>\n\t\t\t\t\t\t\t\t\t<\/li>\n\t\t\t\t\t\t\t\t<li class=\"elementor-icon-list-item\">\n\t\t\t\t\t\t\t\t\t\t\t<a href=\"mailto:beerensjoachim@gmail.com\">\n\n\t\t\t\t\t\t\t\t\t\t\t<span class=\"elementor-icon-list-text\">beerensjoachim@gmail.com\t<\/span>\n\t\t\t\t\t\t\t\t\t\t\t<\/a>\n\t\t\t\t\t\t\t\t\t<\/li>\n\t\t\t\t\t\t<\/ul>\n\t\t\t\t\t\t<\/div>\n\t\t\t\t<\/div>\n\t\t\t\t<\/div>\n\t\t<div data-particle_enable=\"false\" data-particle-mobile-disabled=\"false\" class=\"elementor-element elementor-element-b3fc555 e-con-full e-flex e-con e-child\" data-id=\"b3fc555\" data-element_type=\"container\" data-e-type=\"container\">\n\t\t\t\t<div class=\"elementor-element elementor-element-6365cbdb elementor-widget-tablet__width-initial elementor-widget-mobile__width-inherit elementor-widget elementor-widget-heading\" data-id=\"6365cbdb\" data-element_type=\"widget\" data-e-type=\"widget\" data-widget_type=\"heading.default\">\n\t\t\t\t<div class=\"elementor-widget-container\">\n\t\t\t\t\t<h3 class=\"elementor-heading-title elementor-size-default\">Adres<\/h3>\t\t\t\t<\/div>\n\t\t\t\t<\/div>\n\t\t\t\t<div class=\"elementor-element elementor-element-ec23d72 elementor-icon-list--layout-traditional elementor-list-item-link-full_width elementor-widget elementor-widget-icon-list\" data-id=\"ec23d72\" data-element_type=\"widget\" data-e-type=\"widget\" data-widget_type=\"icon-list.default\">\n\t\t\t\t<div class=\"elementor-widget-container\">\n\t\t\t\t\t\t\t<ul class=\"elementor-icon-list-items\">\n\t\t\t\t\t\t\t<li class=\"elementor-icon-list-item\">\n\t\t\t\t\t\t\t\t\t\t\t<a href=\"https:\/\/www.google.com\/maps\/place\/Beerens+Joachim\/@50.9422446,3.902014,17z\/data=!3m1!4b1!4m6!3m5!1s0x47c398a221d422f9:0xa6f50e990c9496d7!8m2!3d50.9422412!4d3.9045889!16s%2Fg%2F11h3tjlb9f?entry=ttu&#038;g_ep=EgoyMDI0MTExOS4yIKXMDSoASAFQAw%3D%3D\">\n\n\t\t\t\t\t\t\t\t\t\t\t<span class=\"elementor-icon-list-text\">Luikerveld 67, Sint-Lievens-Houtem<\/span>\n\t\t\t\t\t\t\t\t\t\t\t<\/a>\n\t\t\t\t\t\t\t\t\t<\/li>\n\t\t\t\t\t\t<\/ul>\n\t\t\t\t\t\t<\/div>\n\t\t\t\t<\/div>\n\t\t\t\t<\/div>\n\t\t\t\t<div class=\"elementor-element elementor-element-4df6acf7 elementor-absolute elementor-view-default elementor-widget elementor-widget-icon\" data-id=\"4df6acf7\" data-element_type=\"widget\" data-e-type=\"widget\" data-settings=\"{&quot;_position&quot;:&quot;absolute&quot;}\" data-widget_type=\"icon.default\">\n\t\t\t\t<div class=\"elementor-widget-container\">\n\t\t\t\t\t\t\t<div class=\"elementor-icon-wrapper\">\n\t\t\t<div class=\"elementor-icon\">\n\t\t\t<svg xmlns=\"http:\/\/www.w3.org\/2000\/svg\" viewBox=\"0 0 184 140\"><path fill-rule=\"evenodd\" clip-rule=\"evenodd\" d=\"m78.751 73-5.25 18.5 2 14 6.593 11.62H184L116.014 0 84.001 54.5V56l6.5 1.5-10 6-1.75 9.5Zm3.553-8.25-1.603 8.705-5.16 18.183 1.886 13.204 5.832 10.278h97.268L116.004 3.966 86.329 54.485l9.45 2.18-13.475 8.085ZM.343 68.12a1 1 0 0 1 .796-.237l57.15 8.014a1 1 0 0 1 .86.987l.163 61.76a.998.998 0 0 1-1.139.993l-57.23-8.014a1 1 0 0 1-.862-.989L0 68.874a1 1 0 0 1 .343-.755Zm1.659 1.904.078 59.739 55.229 7.733-.157-59.74-55.15-7.732Z\"><\/path><path d=\"m58.311 138.647 36.913-20.074-.162-61.76-36.913 20.074.162 61.76Z\"><\/path><path fill-rule=\"evenodd\" clip-rule=\"evenodd\" d=\"M95.572 55.953a1 1 0 0 1 .49.858l.162 61.759a.998.998 0 0 1-.522.881l-36.913 20.074a.997.997 0 0 1-1.478-.876L57.15 76.89a1 1 0 0 1 .523-.881l36.912-20.074a1 1 0 0 1 .988.018ZM59.15 77.481l.156 59.486 34.915-18.988-.156-59.486L59.15 77.481Z\"><\/path><path fill-rule=\"evenodd\" clip-rule=\"evenodd\" d=\"M37.435 47.921a1 1 0 0 1 .616-.111l57.15 8.013a1 1 0 0 1 .34 1.869L58.627 77.766a1 1 0 0 1-.617.111L.86 69.864a1 1 0 0 1-.339-1.869l36.913-20.074Zm.665 1.915L4.14 68.304l53.822 7.547 33.96-18.468L38.1 49.836Z\"><\/path><\/svg>\t\t\t<\/div>\n\t\t<\/div>\n\t\t\t\t\t\t<\/div>\n\t\t\t\t<\/div>\n\t\t\t\t<\/div>\n\t\t<div data-particle_enable=\"false\" data-particle-mobile-disabled=\"false\" class=\"elementor-element elementor-element-3d2b1fe9 e-con-full e-flex e-con e-child\" data-id=\"3d2b1fe9\" data-element_type=\"container\" data-e-type=\"container\" data-settings=\"{&quot;background_background&quot;:&quot;classic&quot;}\">\n\t\t\t\t<div class=\"elementor-element elementor-element-9b7b3f4 elementor-button-align-stretch elementor-widget elementor-widget-form\" data-id=\"9b7b3f4\" data-element_type=\"widget\" data-e-type=\"widget\" data-settings=\"{&quot;step_next_label&quot;:&quot;Suivant&quot;,&quot;step_previous_label&quot;:&quot;Pr\\u00e9c\\u00e9dent&quot;,&quot;button_width&quot;:&quot;100&quot;,&quot;step_type&quot;:&quot;number_text&quot;,&quot;step_icon_shape&quot;:&quot;circle&quot;}\" data-widget_type=\"form.default\">\n\t\t\t\t<div class=\"elementor-widget-container\">\n\t\t\t\t\t\t\t<form class=\"elementor-form\" method=\"post\" name=\"Nouveau formulaire\" aria-label=\"Nouveau formulaire\">\n\t\t\t<input type=\"hidden\" name=\"post_id\" value=\"52\"\/>\n\t\t\t<input type=\"hidden\" name=\"form_id\" value=\"9b7b3f4\"\/>\n\t\t\t<input type=\"hidden\" name=\"referer_title\" value=\"Contact\" \/>\n\n\t\t\t\t\t\t\t<input type=\"hidden\" name=\"queried_id\" value=\"52\"\/>\n\t\t\t\n\t\t\t<div class=\"elementor-form-fields-wrapper elementor-labels-above\">\n\t\t\t\t\t\t\t\t<div class=\"elementor-field-type-text elementor-field-group elementor-column elementor-field-group-name elementor-col-50\">\n\t\t\t\t\t\t\t\t\t\t\t\t\t<input size=\"1\" type=\"text\" name=\"form_fields[name]\" id=\"form-field-name\" class=\"elementor-field elementor-size-sm  elementor-field-textual\" placeholder=\"Naam\">\n\t\t\t\t\t\t\t\t\t\t\t<\/div>\n\t\t\t\t\t\t\t\t<div class=\"elementor-field-type-tel elementor-field-group elementor-column elementor-field-group-field_3de1a95 elementor-col-50\">\n\t\t\t\t\t\t\t<input size=\"1\" type=\"tel\" name=\"form_fields[field_3de1a95]\" id=\"form-field-field_3de1a95\" class=\"elementor-field elementor-size-sm  elementor-field-textual\" placeholder=\"Telefoon\" pattern=\"[0-9()#&amp;+*-=.]+\" title=\"Seuls les caract\u00e8res de num\u00e9ros de t\u00e9l\u00e9phone (#, -, *, etc.) sont accept\u00e9s.\">\n\n\t\t\t\t\t\t<\/div>\n\t\t\t\t\t\t\t\t<div class=\"elementor-field-type-email elementor-field-group elementor-column elementor-field-group-email elementor-col-100 elementor-field-required\">\n\t\t\t\t\t\t\t\t\t\t\t\t\t<input size=\"1\" type=\"email\" name=\"form_fields[email]\" id=\"form-field-email\" class=\"elementor-field elementor-size-sm  elementor-field-textual\" placeholder=\"E-mail\" required=\"required\">\n\t\t\t\t\t\t\t\t\t\t\t<\/div>\n\t\t\t\t\t\t\t\t<div class=\"elementor-field-type-textarea elementor-field-group elementor-column elementor-field-group-message elementor-col-100\">\n\t\t\t\t\t<textarea class=\"elementor-field-textual elementor-field  elementor-size-sm\" name=\"form_fields[message]\" id=\"form-field-message\" rows=\"4\" placeholder=\"Bericht\"><\/textarea>\t\t\t\t<\/div>\n\t\t\t\t\t\t\t\t<div class=\"elementor-field-group elementor-column elementor-field-type-submit elementor-col-100 e-form__buttons\">\n\t\t\t\t\t<button class=\"elementor-button elementor-size-sm\" type=\"submit\">\n\t\t\t\t\t\t<span class=\"elementor-button-content-wrapper\">\n\t\t\t\t\t\t\t\t\t\t\t\t\t\t\t\t\t\t\t\t\t\t<span class=\"elementor-button-text\">Verzenden<\/span>\n\t\t\t\t\t\t\t\t\t\t\t\t\t<\/span>\n\t\t\t\t\t<\/button>\n\t\t\t\t<\/div>\n\t\t\t<\/div>\n\t\t<\/form>\n\t\t\t\t\t\t<\/div>\n\t\t\t\t<\/div>\n\t\t\t\t<\/div>\n\t\t\t\t<\/div>\n\t\t<div data-particle_enable=\"false\" data-particle-mobile-disabled=\"false\" class=\"elementor-element elementor-element-ddd2dd0 e-con-full e-flex e-con e-parent\" data-id=\"ddd2dd0\" data-element_type=\"container\" data-e-type=\"container\">\n\t\t\t\t<div class=\"elementor-element elementor-element-eacd234 elementor-widget elementor-widget-google_maps\" data-id=\"eacd234\" data-element_type=\"widget\" data-e-type=\"widget\" data-widget_type=\"google_maps.default\">\n\t\t\t\t<div class=\"elementor-widget-container\">\n\t\t\t\t\t\t\t<div class=\"elementor-custom-embed\">\n\t\t\t<iframe loading=\"lazy\"\n\t\t\t\t\tsrc=\"https:\/\/maps.google.com\/maps?q=Bouwerken%20beerens&#038;t=m&#038;z=15&#038;output=embed&#038;iwloc=near\"\n\t\t\t\t\ttitle=\"Bouwerken beerens\"\n\t\t\t\t\taria-label=\"Bouwerken beerens\"\n\t\t\t><\/iframe>\n\t\t<\/div>\n\t\t\t\t\t\t<\/div>\n\t\t\t\t<\/div>\n\t\t\t\t<\/div>\n\t\t\t\t<\/div>\n\t\t","protected":false},"excerpt":{"rendered":"<p>Op zoek naar een betrouwbare aannemer Kies voor Bouwwerken Beerens Joachim BV. Laat uw gegevens achter en wij nemen snel contact met u op! Contact 0476 56 96 01 beerensjoachim@gmail.com Adres Luikerveld 67, Sint-Lievens-Houtem<\/p>\n","protected":false},"author":1,"featured_media":0,"parent":0,"menu_order":0,"comment_status":"closed","ping_status":"closed","template":"","meta":{"footnotes":""},"class_list":["post-52","page","type-page","status-publish","hentry"],"_links":{"self":[{"href":"https:\/\/bouwwerken-beerensjoachim.myskydoowebsite.com\/index.php?rest_route=\/wp\/v2\/pages\/52","targetHints":{"allow":["GET"]}}],"collection":[{"href":"https:\/\/bouwwerken-beerensjoachim.myskydoowebsite.com\/index.php?rest_route=\/wp\/v2\/pages"}],"about":[{"href":"https:\/\/bouwwerken-beerensjoachim.myskydoowebsite.com\/index.php?rest_route=\/wp\/v2\/types\/page"}],"author":[{"embeddable":true,"href":"https:\/\/bouwwerken-beerensjoachim.myskydoowebsite.com\/index.php?rest_route=\/wp\/v2\/users\/1"}],"replies":[{"embeddable":true,"href":"https:\/\/bouwwerken-beerensjoachim.myskydoowebsite.com\/index.php?rest_route=%2Fwp%2Fv2%2Fcomments&post=52"}],"version-history":[{"count":66,"href":"https:\/\/bouwwerken-beerensjoachim.myskydoowebsite.com\/index.php?rest_route=\/wp\/v2\/pages\/52\/revisions"}],"predecessor-version":[{"id":1372,"href":"https:\/\/bouwwerken-beerensjoachim.myskydoowebsite.com\/index.php?rest_route=\/wp\/v2\/pages\/52\/revisions\/1372"}],"wp:attachment":[{"href":"https:\/\/bouwwerken-beerensjoachim.myskydoowebsite.com\/index.php?rest_route=%2Fwp%2Fv2%2Fmedia&parent=52"}],"curies":[{"name":"wp","href":"https:\/\/api.w.org\/{rel}","templated":true}]}}